{"id":3,"date":"2022-11-11T02:13:05","date_gmt":"2022-11-11T02:13:05","guid":{"rendered":"http:\/?page_id=3"},"modified":"2023-03-16T08:43:16","modified_gmt":"2023-03-16T08:43:16","slug":"privacy-policy","status":"publish","type":"page","link":"https:\/\/www.formatieoccupati.it\/?page_id=3","title":{"rendered":"Privacy Policy"},"content":{"rendered":"\n<p>Informativa resa, ai sensi dell\u2019art. 13 e segg. del Regolamento UE 679\/2016, di seguito chiamato \u201cGDPR\u201d e degli artt. 13 e 122 del Codice in materia di protezione dei dati personali (D.Lgs. 196\/03) agli utenti che si collegano al sito www.motoregiovani.it e www.formatieoccupati.it, di seguito chiamato \u201cformati e occupati\u201c.<\/p>\n\n\n\n<p>Finalit\u00e0 del Trattamento<\/p>\n\n\n\n<p>I dati personali forniti tramite il sito, ovvero altrimenti acquisiti nel rispetto delle disposizioni legislative e contrattuali vigenti, formeranno oggetto di trattamento nel rispetto della normativa sopra richiamata e degli obblighi di riservatezza esclusivamente per le seguenti finalit\u00e0:<\/p>\n\n\n\n<p>finalit\u00e0 connesse alla registrazione e autenticazione sul sito in qualit\u00e0 di utente registrato;<br>finalit\u00e0 connesse e\/o strumentali allo svolgimento dell\u2019attivit\u00e0 richiesta<br>invio della newsletter periodica con eventuali informazioni commerciali di interesse per l\u2019utente registrato;<br>invio di comunicazioni personali in risposta e\/o attinenti a richieste inoltrate tramite i form di contatto del sito (richiesta chiarimenti, segnalazione errori, suggerimenti ecc.)<br>pubblicazione delle schede professionali, previa ulteriore autorizzazione dell\u2019utente, per i collaboratori della redazione del sito;<br>gestione degli articoli inviati dagli utenti e dai collaboratori, come richiamato nella rispettiva informativa.<br>Il trattamento delle informazioni che riguardano l\u2019utente \u00e8 improntato ai principi di correttezza, liceit\u00e0, trasparenza e di tutela della riservatezza.<br>E\u2019 escluso, pertanto, ogni utilizzo diverso e\/o in conflitto con gli interessi dell\u2019utente.<\/p>\n\n\n\n<p>Informazioni oggetto del trattamento<\/p>\n\n\n\n<p>Per quanto riguarda i dati trattati occorre effettuare una distinzione in base alle attivit\u00e0 che l\u2019utente effettua sul sito.<\/p>\n\n\n\n<p>1) Navigazione<\/p>\n\n\n\n<p>Si applica all\u2019utente (registrato o no) che naviga sul sito per consultare testi o utilizzare le applicazioni online.<\/p>\n\n\n\n<p>Le informazioni inserite nelle maschere delle applicazioni online del sito non sono memorizzate in modo permanente sul server ma restano disponibili all\u2019utente esclusivamente per la durata della sessione di lavoro.<\/p>\n\n\n\n<p>Non sono altres\u00ec mantenute sul server tutte le informazioni relative ai documenti contabili (fatture, notule, preventivi ecc.) che l\u2019utente compila tramite questo sito, quali ad esempio, l\u2019oggetto il numero e la data del documento.<\/p>\n\n\n\n<p>Per quanto riguarda i contenuti testuali registriamo in forma aggregata il numero di letture di ogni articolo.<\/p>\n\n\n\n<p>2) Interazione tramite form di contatto<\/p>\n\n\n\n<p>Si applica alle richieste di consulenza online, domiciliazione, segnalazione pagine, invio di suggerimenti ecc.<\/p>\n\n\n\n<p>Oltre ai dati espressamente inseriti dall\u2019utente nella maschera (nominativo, email, telefono ove richiesto ecc.), registriamo nei nostri database le seguenti informazioni:<\/p>\n\n\n\n<p>il consenso al trattamento dei dati in base alla presente informativa.<br>l\u2019indirizzo IP da cui provengono le richieste (questa informazione \u00e8 classificata dal GDPR come \u201cdato personale\u201d).<br>il tipo di browser utilizzato e se si tratta di un dispositivo mobile.<br>l\u2019identificativo anonimo dell\u2019utente creato da un algoritmo interno proprietario. L\u2019identificativo \u00e8 costruito in modo che non si possa risalire all\u2019indirizzo IP dell\u2019utente.<br>in taluni casi anche la pagina del sito visitata immediatamente prima di inoltrare la richiesta.<br>la data e l\u2019ora dell\u2019operazione.<br>Relativamente alle richieste di consulenza legale inoltrate tramite il sito possono essere richiesti ulteriori documenti da inviare tramite email o PEC per i quali si applica la disciplina del GDPR e in ogni caso la deontologia professionale in materia di riservatezza.<\/p>\n\n\n\n<p>3) Registrazione al sito<\/p>\n\n\n\n<p>Si applica nelle fasi in cui l\u2019utente desidera registrarsi al sito per aprire un proprio account personale e utilizzare la propria area riservata.<\/p>\n\n\n\n<p>Le password per l\u2019accesso al sito da parte degli utenti registrati sono memorizzate in modo che non si possa mai risalire al loro contenuto originario.<\/p>\n\n\n\n<p>Oltre ai dati richiesti al momento della registrazione (nome utente, email e password), memorizziamo in appositi archivi le informazioni che l\u2019utente, dopo la registrazione, inserisce nella propria area riservata.<\/p>\n\n\n\n<p>Gli utenti registrati che diventano collaboratori del sito, inviando a titolo gratuito articoli per la pubblicazione, come indicato nell\u2019apposita informativa, possono pubblicare la propria scheda professionale tramite un\u2019apposita opzione disponibile nell\u2019area riservata.<\/p>\n\n\n\n<p>4) Iscrizione alla newsletter<\/p>\n\n\n\n<p>Si applica agli utenti che non intendono registrarsi al sito ma desiderano iscriversi alla newsletter.<\/p>\n\n\n\n<p>In tal caso registriamo nei nostri archivi esclusivamente l\u2019indirizzo email inserito dall\u2019utente al momento dell\u2019iscrizione, oltre a quanto descritto al punto 2).<\/p>\n\n\n\n<p>La cancellazione dalla newsletter e dai relativi archivi pu\u00f2 essere effettuata direttamente dall\u2019utente tramite un apposito link inserito in fondo a ciascuna newsletter.<br>Gli utenti registrati possono cancellarsi dalla newsletter anche dall\u2019area riservata.<\/p>\n\n\n\n<p>5) Invio articoli alla redazione<\/p>\n\n\n\n<p>Si applica per gli utenti che propongono alla redazione del sito i loro articoli per la pubblicazione.<\/p>\n\n\n\n<p>Valgono le stesse considerazioni viste per il punto 1).<\/p>\n\n\n\n<p>Inoltre, se l\u2019utente \u00e8 registrato come collaboratore, pu\u00f2 rendere pubblica la propria scheda professionale che sar\u00e0 collegata automaticamente in tutti gli articoli pubblicati.<\/p>\n\n\n\n<p>6) Codice per webmaster<\/p>\n\n\n\n<p>Si applica a coloro che intendono utilizzare il codice per webmaster che consente di condividere su siti di terze parti le maschere delle applicazioni alle condizioni riportate nell\u2019informativa.<\/p>\n\n\n\n<p>Per finalit\u00e0 di tipo statistico registriamo in forma aggregata l\u2019utilizzo del codice per webmaster, memorizzando nei nostri archivi le seguenti informazioni che non riguardano gli utenti che visitano il sito che fa uso di tale codice ma solo l\u2019utilizzo del codice stesso:<br>nome del dominio, applicazione condivisa, numero visualizzazioni, data ultima visualizzazione.<\/p>\n\n\n\n<p>In conformit\u00e0 al GDPR, l\u2019invio dei dati per le finalit\u00e0 di cui ai punti 2), 3), 4) e 5) richiede l\u2019accettazione esplicita tramite l\u2019apposizione di una \u201cspunta\u201d su un apposito campo che si trova nelle varie maschere da cui \u00e8 direttamente consultabile la presente informativa.<\/p>\n\n\n\n<p>In mancanza di tale accettazione non \u00e8 possibile dar corso all\u2019esecuzione dell\u2019operazione online richiesta.<\/p>\n\n\n\n<p>Il sito non effettua attualmente alcuna rilevazione della posizione dell\u2019utente.<\/p>\n\n\n\n<p>Modalit\u00e0 del trattamento e conservazione<\/p>\n\n\n\n<p>Il trattamento dei dati avverr\u00e0 mediante strumenti idonei a garantire la sicurezza e la riservatezza e potr\u00e0 essere effettuato anche attraverso strumenti automatizzati atti a memorizzare, gestire e trasmettere i dati stessi.<\/p>\n\n\n\n<p>Le informazioni sono conservate con strumenti informatici protetti da sistemi di sicurezza (es: firewall, strumenti di controllo di attacchi hacker, tools per la rilevazione automatica di malware ed eventuali vulnerabilit\u00e0 ecc.).<br>Il sito \u00e8 sviluppato con un CMS proprietario con strumenti e tecniche che implementano le best-practices in materia di sicurezza e robustezza del software.<\/p>\n\n\n\n<p>I contenuti delle pagine web nonch\u00e9 tutti i dati inseriti sul sito inviati al server sono crittografati tramite il protocollo SSL (navigazione sicura); l\u2019utilizzo del protocollo per la navigazione sicura \u00e8 individuabile dalla presenza di indirizzi internet che iniziano per https:\/\/ e dalla dicitura \u201cSicuro\u201d che i browser pi\u00f9 moderni appongono nella barra degli indirizzi in corrispondenza dell\u2019indirizzo internet visitato.<\/p>\n\n\n\n<p>Tuttavia, qualora tutti i sistemi di sicurezza posti in essere non fossero sufficienti a scongiurare il furto di informazioni, come previsto dall\u2019art. 33 del GDPR, il titolare si impegna a denunciare e a comunicare tempestivamente al Garante nazionale eventuali sottrazioni di informazioni relative ai dati personali degli utenti.<\/p>\n\n\n\n<p>I dati degli utenti registrati sono conservati senza alcuna scadenza prestabilita e l\u2019utente pu\u00f2 richiederne la cancellazione (diritto all\u2019oblio) in base all\u2019art 17 del GDPR in qualsiasi momento seguendo la procedura predisposta all\u2019interno dell\u2019area riservata, adeguatamente documentata.<\/p>\n\n\n\n<p>Per fornire le pagine all\u2019utente utilizziamo il web-server Apache che, come tutti i web server, registra in appositi log file protetti e non accessibili dall\u2019esterno le richieste degli utenti alle risorse del sito (pagine web, immagini ed altri file necessari per il funzionamento).<br>Lo scopo di tali log-files \u00e8 quello di individuare eventuali utenti che effettuano azioni malevole ai danni del sito (attacchi hacker) e al tempo stesso contrastare eventuali abusi delle risorse del sito a tutela degli altri utenti.<br>Tali file sono conservati sul server per un massimo di 10 giorni e in taluni casi, se necessario, possiamo effettuare delle copie in altri archivi, protetti e inaccessibili dall\u2019esterno, per una conservazione pi\u00f9 lunga, non superiore comunque a 3 mesi.<\/p>\n\n\n\n<p>Natura del conferimento, rifiuto e revoca del consenso<\/p>\n\n\n\n<p>Il conferimento dei dati personali non \u00e8 obbligo di legge.<\/p>\n\n\n\n<p>Tuttavia, la mancanza degli stessi, il rifiuto o la revoca del consenso al trattamento secondo le modalit\u00e0 infra precisate, comporter\u00e0 l\u2019impossibilit\u00e0 di intrattenere alcun rapporto di consulenza professionale con l\u2019utente o di perfezionare la fruizione dei servizi online del sito di seguito elencati:<\/p>\n\n\n\n<p>la richiesta di consulenza e di collaborazione professionale.<br>la registrazione al sito.<br>la richiesta di assistenza da parte dell\u2019utente, sia per quanto riguarda l\u2019area riservata che l\u2019utilizzo delle applicazioni.<br>l\u2019invio di comunicazioni e messaggi alla redazione o al webmaster tramite il sito.<br>la ricezione della newsletter.<br>l\u2019accesso ai documenti riservati (es: giurisprudenza allegata agli articoli).<br>la pubblicazione della scheda professionale per i collaboratori della redazione.<br>Comunicazione \/ diffusione<\/p>\n\n\n\n<p>I dati non saranno comunicati ad altri soggetti, n\u00e9 saranno oggetto di diffusione, o trasferimento a terzi a qualsiasi titolo, sia in Italia che all\u2019estero, fatta eccezione per i dati personali che per motivi fiscali si render\u00e0 necessario comunicare al commercialista dell\u2019Associazione (limitatamente alla fatturazione delle consulenze legali online) il quale ha fornito assicurazione circa il rispetto del regolamento sulla Privacy e dell\u2019assoluta riservatezza.<\/p>\n\n\n\n<p>Il titolare si riserva il diritto di analizzare in forma aggregata i dati acquisiti per effettuare statistiche interne sull\u2019utilizzo di alcuni servizi (es: letture della newsletter e utilizzo di particolari applicazioni), a complemento di quanto gi\u00e0 avviene con gli strumenti di terze parti per la rilevazione del traffico sul sito (Google Analytics).<\/p>\n\n\n\n<p>Titolare del trattamento<\/p>\n\n\n\n<p>Titolare del trattamento \u00e8 Nome della ragione Sociale o della Persona Fisica, con sede in inserire indirizzo<\/p>\n\n\n\n<p>Diritti dell\u2019utente<\/p>\n\n\n\n<p>In relazione al trattamento di dati personali ed ai sensi dell\u2019art. 13 del GDPR e dell\u2019 art. 7 del D.Lgs. 196\/2003, l\u2019utente ha diritto:<\/p>\n\n\n\n<p>Accesso ai dati(art. 15 GDPR)<br>L\u2019utente ha diritto di ottenere la conferma dell\u2019esistenza o meno di dati personali che lo riguardano e la loro comunicazione in forma intelligibile.<br>La richiesta pu\u00f2 essere inoltrata direttamente per email al titolare del trattamento (v. indirizzi mail ).<br>Rettifica e cancellazione(artt. 16 e 17 GDPR)<br>L\u2019utente ha il diritto di chiederne la rettifica, la cancellazione, o la limitazione del trattamento dei dati personali.<br>Gli utenti registrati possono modificare i dati personali e professionali direttamente dalla loro area riservata tramite apposite maschere di gestione.<br>Per la cancellazione, sempre nell\u2019area riservata, \u00e8 disponibile nella pagina dei dati personali il checkbox per la richiesta di cancellazione dei dati.<br>Avvertenze<\/p>\n\n\n\n<p>La richiesta di cancellazione dell\u2019account viene inoltrata automaticamente allo staff tecnico del sito ed \u00e8 irrevocabile, ossia una volta confermata, non pu\u00f2 pi\u00f9 essere annullata.<br>L\u2019utente ricever\u00e0 dopo alcuni giorni la conferma dell\u2019avvenuta cancellazione dei dati che lo riguardano.<br>Una volta inoltrata la richiesta l\u2019utente non pu\u00f2 pi\u00f9 accedere all\u2019area riservata.<br>Il nome utente non pu\u00f2 essere riutilizzato per una nuova registrazione.<br>Limitazione al trattamento(art. 18 GDPR)<br>L\u2019utente ha il diritto di opporsi, in tutto o in parte, per motivi legittimi, al trattamento dei dati personali che Lo riguardano, ancorch\u00e9 pertinenti allo scopo della raccolta.<br>Nella fattispecie:<br>Invio newsletter:<br>Gli utenti registrati possono revocare in qualsiasi momento l\u2019utilizzo dell\u2019indirizzo email per l\u2019invio della newsletter accedendo all\u2019area riservata; gli utenti non registrati iscritti alla newsletter possono esercitare tale opzione cliccando sull\u2019apposito link presente in fondo alla newsletter.<br>Pubblicazione scheda professionale:<br>Gli utenti registrati che collaborano con la redazione possono bloccare la pubblicazione della loro scheda professionale direttamente dall\u2019area riservata.<br>La revoca della pubblicazione, cos\u00ec come la cancellazione dell\u2019account utente ai sensi dell\u2019art. 17 GDPR, comportano automaticamente l\u2019oscuramento delle schede da tutti gli articoli del sito.<br>Si precisa tuttavia che, poich\u00e9 le schede professionali pubblicate dietro consenso dell\u2019utente possono essere state indicizzate dai motori di ricerca e\/o pubblicate da terzi su altri siti senza alcun intervento da parte nostra, l\u2019utente dovr\u00e0 esercitare il \u201cdiritto all\u2019oblio\u201d nei confronti di tutte le fonti presso le quali sono presenti i propri dati personali.<br>Portabilit\u00e0 dei dati(art. 20 GDPR)<br>L\u2019utente registrato ha il diritto di ricevere i dati personali che lo riguardano in un formato strutturato e leggibile da un dispositivo automatico. La richiesta deve essere indirizzata al titolare del trattamento; i dati personali saranno forniti in formato xml.<br>Comunicazione<br>L\u2019utente ha il diritto di ottenere l\u2019indicazione degli estremi identificativi, oltre che del titolare, di eventuali collaboratori ai quali i dati possono essere comunicati o che possono venirne a conoscenza; i collaboratori del sito che si occupano di fornire assistenza all\u2019utente limitano l\u2019accesso ai dati personali esclusivamente per le finalit\u00e0 richieste dall\u2019utente (richiesta chiarimenti, help-desk, risoluzione di anomalie ecc.).<br>Reclamo<br>L\u2019utente ha il diritto di proporre reclamo all\u2019autorit\u00e0 nazionale di controllo (Garante) nel caso in cui ravvisi un utilizzo dei dati difforme da quanto previsto nella citata normativa;<br>Le comunicazioni al sito possono essere inoltrate tramite l\u2019apposito menu contatti oppure inviando una email al titolare del trattamento.<\/p>\n\n\n\n<h2 class=\"wp-block-heading\"><strong>COOKIE POLICY<\/strong><\/h2>\n\n\n\n<p>Informativa resa, ai sensi del\u00a0<strong>Regolamento UE 679\/2016<\/strong>, di seguito chiamato \u201c<strong>GDPR<\/strong>\u201c, degli artt. 13 e 122 del Codice in materia di protezione dei dati personali (D.Lgs. 196\/03) e del Provvedimento generale del Garante dell\u20198 maggio 2014 in materia di\u00a0<em>cookie<\/em>, agli utenti che si collegano al sito\u00a0<strong>\u201cwww.motoregiovani.it\u201d<\/strong> e \"www.formatieoccupati.it\",\u00a0di seguito chiamato \u201c<strong>Formati e Occupati<\/strong>\u201c.<\/p>\n\n\n\n<p><strong>Informazioni su questa cookie policy<\/strong><br>Questa politica sui cookie spiega cosa sono i cookie e come li utilizziamo, i tipi di cookie che utilizziamo, ovvero le informazioni che raccogliamo utilizzando i cookie e come tali informazioni vengono utilizzate e come controllare le preferenze dei cookie. Per ulteriori informazioni su come utilizziamo, archiviamo e proteggiamo i tuoi dati personali, consulta la nostra Informativa sulla privacy.<\/p>\n\n\n\n<p>Puoi in qualsiasi momento modificare o revocare il tuo consenso dalla Dichiarazione sui cookie sul nostro sito web<br>Scopri di pi\u00f9 su chi siamo, come puoi contattarci e come trattiamo i dati personali nella nostra Informativa sulla privacy.<br>Il suo consenso si applica ai seguenti siti web: www.motoregiovani.it\/www.formatieoccupati.it<\/p>\n\n\n\n<p><strong>Cosa sono i cookies?<\/strong><br>I cookie sono piccoli file di testo che vengono utilizzati per memorizzare piccole informazioni. Vengono memorizzati sul tuo dispositivo quando il sito web viene caricato sul tuo browser. Questi cookie ci aiutano a far funzionare correttamente il sito Web, a renderlo pi\u00f9 sicuro, a fornire una migliore esperienza utente e a capire come funziona il sito Web e ad analizzare cosa funziona e dove deve essere migliorato.<\/p>\n\n\n\n<p><strong>Come utilizziamo i cookie?<\/strong><\/p>\n\n\n\n<p>Come la maggior parte dei servizi online, il nostro sito Web utilizza cookie proprietari e di terze parti per diversi scopi. I cookie proprietari sono per lo pi\u00f9 necessari affinch\u00e9 il sito web funzioni nel modo giusto e non raccolgono nessuno dei tuoi dati personali identificabili.<\/p>\n\n\n\n<p>I cookie di terze parti utilizzati sul nostro sito Web sono principalmente per comprendere come funziona il sito Web, come interagisci con il nostro sito Web, mantenere i nostri servizi sicuri, fornire annunci pubblicitari pertinenti per te e, nel complesso, fornirti un utente migliore e migliorato sperimenta e velocizza le tue future interazioni con il nostro sito web.<\/p>\n\n\n\n<p><strong>QUALI TIPI DI COOKIE UTILIZZIAMO?<\/strong><\/p>\n\n\n\n<p>Essenziali: alcuni cookie sono essenziali per poter provare la piena funzionalit\u00e0 del nostro sito. Ci consentono di mantenere le sessioni utente e prevenire eventuali minacce alla sicurezza. Non raccolgono n\u00e9 memorizzano alcuna informazione personale. Ad esempio, questi cookie ti consentono di accedere al tuo account e aggiungere prodotti al tuo carrello e di effettuare il checkout in modo sicuro.<\/p>\n\n\n\n<p>Statistiche: questi cookie memorizzano informazioni come il numero di visitatori del sito web, il numero di visitatori unici, quali pagine del sito web sono state visitate, l\u2019origine della visita, ecc. Questi dati ci aiutano a capire e analizzare il rendimento del sito web e dove necessita di miglioramento.<\/p>\n\n\n\n<p>Marketing: il nostro sito web mostra annunci pubblicitari. Questi cookie vengono utilizzati per personalizzare gli annunci pubblicitari che ti mostriamo in modo che siano significativi per te. Questi cookie ci aiutano anche a tenere traccia dell\u2019efficienza di queste campagne pubblicitarie.<br>Le informazioni memorizzate in questi cookie possono anche essere utilizzate dai fornitori di annunci di terze parti per mostrarti annunci su altri siti Web anche sul browser.<\/p>\n\n\n\n<p>Funzionale: Questi sono i cookie che aiutano alcune funzionalit\u00e0 non essenziali sul nostro sito web. Queste funzionalit\u00e0 includono l\u2019incorporamento di contenuti come video o la condivisione di contenuti del sito Web su piattaforme di social media.<\/p>\n\n\n\n<p>Preferenze: questi cookie ci aiutano a memorizzare le tue impostazioni e preferenze di navigazione come le preferenze della lingua in modo da avere un\u2019esperienza migliore ed efficiente nelle future visite al sito web.<\/p>\n\n\n\n<figure class=\"wp-block-table\"><table><thead><tr><th>COOKIE<\/th><th>DESCRIZIONE<\/th><\/tr><\/thead><tbody><tr><td>cookielawinfo-checbox-analytics<\/td><td>This cookie is set by GDPR Cookie Consent plugin. The cookie is used to store the user consent for the cookies in the category \"Analytics\".<\/td><\/tr><tr><td>cookielawinfo-checbox-functional<\/td><td>The cookie is set by GDPR cookie consent to record the user consent for the cookies in the category \"Functional\".<\/td><\/tr><tr><td>cookielawinfo-checbox-others<\/td><td>This cookie is set by GDPR Cookie Consent plugin. The cookie is used to store the user consent for the cookies in the category \"Other.<\/td><\/tr><tr><td>cookielawinfo-checkbox-necessary<\/td><td>This cookie is set by GDPR Cookie Consent plugin. The cookies is used to store the user consent for the cookies in the category \"Necessary\".<\/td><\/tr><tr><td>cookielawinfo-checkbox-performance<\/td><td>This cookie is set by GDPR Cookie Consent plugin. The cookie is used to store the user consent for the cookies in the category \"Performance\".<\/td><\/tr><tr><td>viewed_cookie_policy<\/td><td>The cookie is set by the GDPR Cookie Consent plugin and is used to store whether or not user has consented to the use of cookies. It does not store any personal data.<\/td><\/tr><\/tbody><\/table><\/figure>\n\n\n\n<p><strong>Come posso controllare le preferenze sui cookie?<\/strong><br>Se decidi di modificare le tue preferenze in un secondo momento durante la sessione di navigazione, puoi fare clic sulla scheda \u201cPrivacy e Cookie Policy\u201d sullo schermo. Questo visualizzer\u00e0 nuovamente l\u2019avviso di consenso che ti consentir\u00e0 di modificare le tue preferenze o revocare completamente il tuo consenso.<\/p>\n\n\n\n<p>Oltre a ci\u00f2, diversi browser forniscono diversi metodi per bloccare ed eliminare i cookie utilizzati dai siti web. Puoi modificare le impostazioni del tuo browser per bloccare \/ eliminare i cookie. Per saperne di pi\u00f9 su come gestire ed eliminare i cookie, visitare wikipedia.org, www.allaboutcookies.org.<\/p>\n","protected":false},"excerpt":{"rendered":"<p>Informativa resa, ai sensi dell\u2019art. 13 e segg. del Regolamento UE 679\/2016, di seguito chiamato \u201cGDPR\u201d e degli artt. 13 e 122 del Codice in materia di protezione dei dati personali (D.Lgs. 196\/03) agli utenti che si collegano al sito www.motoregiovani.it e www.formatieoccupati.it, di seguito chiamato \u201cformati e occupati\u201c. Finalit\u00e0 del Trattamento I dati personali [&hellip;]<\/p>\n","protected":false},"author":1,"featured_media":0,"parent":0,"menu_order":0,"comment_status":"closed","ping_status":"closed","template":"","meta":{"footnotes":""},"class_list":["post-3","page","type-page","status-publish","hentry"],"_links":{"self":[{"href":"https:\/\/www.formatieoccupati.it\/index.php?rest_route=\/wp\/v2\/pages\/3","targetHints":{"allow":["GET"]}}],"collection":[{"href":"https:\/\/www.formatieoccupati.it\/index.php?rest_route=\/wp\/v2\/pages"}],"about":[{"href":"https:\/\/www.formatieoccupati.it\/index.php?rest_route=\/wp\/v2\/types\/page"}],"author":[{"embeddable":true,"href":"https:\/\/www.formatieoccupati.it\/index.php?rest_route=\/wp\/v2\/users\/1"}],"replies":[{"embeddable":true,"href":"https:\/\/www.formatieoccupati.it\/index.php?rest_route=%2Fwp%2Fv2%2Fcomments&post=3"}],"version-history":[{"count":4,"href":"https:\/\/www.formatieoccupati.it\/index.php?rest_route=\/wp\/v2\/pages\/3\/revisions"}],"predecessor-version":[{"id":351,"href":"https:\/\/www.formatieoccupati.it\/index.php?rest_route=\/wp\/v2\/pages\/3\/revisions\/351"}],"wp:attachment":[{"href":"https:\/\/www.formatieoccupati.it\/index.php?rest_route=%2Fwp%2Fv2%2Fmedia&parent=3"}],"curies":[{"name":"wp","href":"https:\/\/api.w.org\/{rel}","templated":true}]}}